{"id":40,"date":"2023-12-06T14:08:00","date_gmt":"2023-12-06T13:08:00","guid":{"rendered":"https:\/\/www.asadorcitywokgranada.com\/tienda-online\/?page_id=40"},"modified":"2024-03-20T18:23:28","modified_gmt":"2024-03-20T17:23:28","slug":"mapa-del-sitio","status":"publish","type":"page","link":"https:\/\/www.asadorcitywokgranada.com\/tienda-online\/mapa-del-sitio\/","title":{"rendered":"Mapa del sitio"},"content":{"rendered":"<div class=\"wsp-container\"><h2 class=\"wsp-pages-title\">P\u00e1ginas<\/h2>\n<ul class=\"wsp-pages-list\">\n<li class=\"page_item page-item-35\"><a href=\"https:\/\/www.asadorcitywokgranada.com\/tienda-online\/accesibilidad\/\">Accesibilidad<\/a><\/li>\n<li class=\"page_item page-item-30\"><a href=\"https:\/\/www.asadorcitywokgranada.com\/tienda-online\/aviso-legal\/\">Aviso legal<\/a><\/li>\n<li class=\"page_item page-item-38\"><a href=\"https:\/\/www.asadorcitywokgranada.com\/tienda-online\/ayuda-accesibilidad\/\">Ayuda accesibilidad<\/a><\/li>\n<li class=\"page_item page-item-11\"><a href=\"https:\/\/www.asadorcitywokgranada.com\/tienda-online\/carrito\/\">Carrito<\/a><\/li>\n<li class=\"page_item page-item-20\"><a href=\"https:\/\/www.asadorcitywokgranada.com\/tienda-online\/contacto\/\">Contacto<\/a><\/li>\n<li class=\"page_item page-item-12\"><a href=\"https:\/\/www.asadorcitywokgranada.com\/tienda-online\/finalizar-compra\/\">Finalizar compra<\/a><\/li>\n<li class=\"page_item page-item-66\"><a href=\"https:\/\/www.asadorcitywokgranada.com\/tienda-online\/formas-de-pago-envios-cambios-y-devoluciones\/\">Formas de pago, env\u00edos, cambios y devoluciones<\/a><\/li>\n<li class=\"page_item page-item-15\"><a href=\"https:\/\/www.asadorcitywokgranada.com\/tienda-online\/\">Inicio<\/a><\/li>\n<li class=\"page_item page-item-40\"><a href=\"https:\/\/www.asadorcitywokgranada.com\/tienda-online\/mapa-del-sitio\/\">Mapa del sitio<\/a><\/li>\n<li class=\"page_item page-item-13\"><a href=\"https:\/\/www.asadorcitywokgranada.com\/tienda-online\/mi-cuenta\/\">Mi cuenta<\/a><\/li>\n<li class=\"page_item page-item-71\"><a href=\"https:\/\/www.asadorcitywokgranada.com\/tienda-online\/politica-de-cookies\/\">Pol\u00edtica de cookies<\/a><\/li>\n<li class=\"page_item page-item-33\"><a href=\"https:\/\/www.asadorcitywokgranada.com\/tienda-online\/politica-de-privacidad\/\">Pol\u00edtica de privacidad<\/a><\/li>\n<li class=\"page_item page-item-10\"><a href=\"https:\/\/www.asadorcitywokgranada.com\/tienda-online\/productos\/\">Productos<\/a><\/li>\n<\/ul>\n<h2 class=\"wsp-products-title\">Products<\/h2>\n<ul class=\"wsp-products-list\">\n<li><a href=\"https:\/\/www.asadorcitywokgranada.com\/tienda-online\/producto\/tarjeta-regalo-60e\/\">Tarjeta Regalo 60\u20ac<\/a><\/li>\n<li><a href=\"https:\/\/www.asadorcitywokgranada.com\/tienda-online\/producto\/tarjeta-regalo-50e\/\">Tarjeta Regalo 50\u20ac<\/a><\/li>\n<li><a href=\"https:\/\/www.asadorcitywokgranada.com\/tienda-online\/producto\/tarjeta-regalo-40e\/\">Tarjeta Regalo 40\u20ac<\/a><\/li>\n<li><a href=\"https:\/\/www.asadorcitywokgranada.com\/tienda-online\/producto\/tarjeta-regalo-30e\/\">Tarjeta Regalo 30\u20ac<\/a><\/li>\n<li><a href=\"https:\/\/www.asadorcitywokgranada.com\/tienda-online\/producto\/tarjeta-regalo-20e\/\">Tarjeta Regalo 20\u20ac<\/a><\/li>\n<li><a href=\"https:\/\/www.asadorcitywokgranada.com\/tienda-online\/producto\/tarjeta-regalo-10e\/\">Tarjeta Regalo 10\u20ac<\/a><\/li>\n<\/ul>\n<\/div>\n","protected":false},"excerpt":{"rendered":"P\u00e1ginas Accesibilidad Aviso legal Ayuda accesibilidad Carrito Contacto Finalizar compra Formas de pago, env\u00edos, cambios y devoluciones Inicio Mapa del sitio Mi cuenta Pol\u00edtica de cookies Pol\u00edtica de privacidad Productos Products Tarjeta Regalo 60\u20ac Tarjeta Regalo 50\u20ac Tarjeta Regalo 40\u20ac Tarjeta Regalo 30\u20ac Tarjeta Regalo 20\u20ac Tarjeta Regalo 10\u20ac","protected":false},"author":1,"featured_media":0,"parent":0,"menu_order":0,"comment_status":"closed","ping_status":"closed","template":"","meta":{"footnotes":""},"class_list":["post-40","page","type-page","status-publish","hentry"],"yoast_head":"<!-- This site is optimized with the Yoast SEO plugin v20.10 - https:\/\/yoast.com\/wordpress\/plugins\/seo\/ -->\n<title>Mapa del sitio - Tienda City Wok Granada<\/title>\n<meta name=\"description\" content=\"Mapa del sitio - Tienda City Wok Granada. Restaurante de Cocina Internacional &amp; Take Away.\" \/>\n<meta name=\"robots\" content=\"noindex, nofollow\" \/>\n<meta property=\"og:locale\" content=\"es_ES\" \/>\n<meta property=\"og:type\" content=\"article\" \/>\n<meta property=\"og:title\" content=\"Mapa del sitio - Tienda City Wok Granada\" \/>\n<meta property=\"og:description\" content=\"Mapa del sitio - Tienda City Wok Granada. Restaurante de Cocina Internacional &amp; Take Away.\" \/>\n<meta property=\"og:url\" content=\"https:\/\/www.asadorcitywokgranada.com\/tienda-online\/mapa-del-sitio\/\" \/>\n<meta property=\"og:site_name\" content=\"Tienda City Wok Granada\" \/>\n<meta property=\"article:modified_time\" content=\"2024-03-20T17:23:28+00:00\" \/>\n<meta name=\"twitter:card\" content=\"summary_large_image\" \/>\n<meta name=\"twitter:label1\" content=\"Tiempo de lectura\" \/>\n\t<meta name=\"twitter:data1\" content=\"1 minuto\" \/>\n<script type=\"application\/ld+json\" class=\"yoast-schema-graph\">{\"@context\":\"https:\/\/schema.org\",\"@graph\":[{\"@type\":\"WebPage\",\"@id\":\"https:\/\/www.asadorcitywokgranada.com\/tienda-online\/mapa-del-sitio\/\",\"url\":\"https:\/\/www.asadorcitywokgranada.com\/tienda-online\/mapa-del-sitio\/\",\"name\":\"Mapa del sitio - Tienda City Wok Granada\",\"isPartOf\":{\"@id\":\"https:\/\/www.asadorcitywokgranada.com\/tienda-online\/#website\"},\"datePublished\":\"2023-12-06T13:08:00+00:00\",\"dateModified\":\"2024-03-20T17:23:28+00:00\",\"description\":\"Mapa del sitio - Tienda City Wok Granada. Restaurante de Cocina Internacional & Take Away.\",\"inLanguage\":\"es\",\"potentialAction\":[{\"@type\":\"ReadAction\",\"target\":[\"https:\/\/www.asadorcitywokgranada.com\/tienda-online\/mapa-del-sitio\/\"]}]},{\"@type\":\"WebSite\",\"@id\":\"https:\/\/www.asadorcitywokgranada.com\/tienda-online\/#website\",\"url\":\"https:\/\/www.asadorcitywokgranada.com\/tienda-online\/\",\"name\":\"Tienda City Wok Granada\",\"description\":\"\",\"potentialAction\":[{\"@type\":\"SearchAction\",\"target\":{\"@type\":\"EntryPoint\",\"urlTemplate\":\"https:\/\/www.asadorcitywokgranada.com\/tienda-online\/?s={search_term_string}\"},\"query-input\":\"required name=search_term_string\"}],\"inLanguage\":\"es\"}]}<\/script>\n<!-- \/ Yoast SEO plugin. -->","yoast_head_json":{"title":"Mapa del sitio - Tienda City Wok Granada","description":"Mapa del sitio - Tienda City Wok Granada. Restaurante de Cocina Internacional & Take Away.","robots":{"index":"noindex","follow":"nofollow"},"og_locale":"es_ES","og_type":"article","og_title":"Mapa del sitio - Tienda City Wok Granada","og_description":"Mapa del sitio - Tienda City Wok Granada. Restaurante de Cocina Internacional & Take Away.","og_url":"https:\/\/www.asadorcitywokgranada.com\/tienda-online\/mapa-del-sitio\/","og_site_name":"Tienda City Wok Granada","article_modified_time":"2024-03-20T17:23:28+00:00","twitter_card":"summary_large_image","twitter_misc":{"Tiempo de lectura":"1 minuto"},"schema":{"@context":"https:\/\/schema.org","@graph":[{"@type":"WebPage","@id":"https:\/\/www.asadorcitywokgranada.com\/tienda-online\/mapa-del-sitio\/","url":"https:\/\/www.asadorcitywokgranada.com\/tienda-online\/mapa-del-sitio\/","name":"Mapa del sitio - Tienda City Wok Granada","isPartOf":{"@id":"https:\/\/www.asadorcitywokgranada.com\/tienda-online\/#website"},"datePublished":"2023-12-06T13:08:00+00:00","dateModified":"2024-03-20T17:23:28+00:00","description":"Mapa del sitio - Tienda City Wok Granada. Restaurante de Cocina Internacional & Take Away.","inLanguage":"es","potentialAction":[{"@type":"ReadAction","target":["https:\/\/www.asadorcitywokgranada.com\/tienda-online\/mapa-del-sitio\/"]}]},{"@type":"WebSite","@id":"https:\/\/www.asadorcitywokgranada.com\/tienda-online\/#website","url":"https:\/\/www.asadorcitywokgranada.com\/tienda-online\/","name":"Tienda City Wok Granada","description":"","potentialAction":[{"@type":"SearchAction","target":{"@type":"EntryPoint","urlTemplate":"https:\/\/www.asadorcitywokgranada.com\/tienda-online\/?s={search_term_string}"},"query-input":"required name=search_term_string"}],"inLanguage":"es"}]}},"_links":{"self":[{"href":"https:\/\/www.asadorcitywokgranada.com\/tienda-online\/wp-json\/wp\/v2\/pages\/40","targetHints":{"allow":["GET"]}}],"collection":[{"href":"https:\/\/www.asadorcitywokgranada.com\/tienda-online\/wp-json\/wp\/v2\/pages"}],"about":[{"href":"https:\/\/www.asadorcitywokgranada.com\/tienda-online\/wp-json\/wp\/v2\/types\/page"}],"author":[{"embeddable":true,"href":"https:\/\/www.asadorcitywokgranada.com\/tienda-online\/wp-json\/wp\/v2\/users\/1"}],"replies":[{"embeddable":true,"href":"https:\/\/www.asadorcitywokgranada.com\/tienda-online\/wp-json\/wp\/v2\/comments?post=40"}],"version-history":[{"count":2,"href":"https:\/\/www.asadorcitywokgranada.com\/tienda-online\/wp-json\/wp\/v2\/pages\/40\/revisions"}],"predecessor-version":[{"id":74,"href":"https:\/\/www.asadorcitywokgranada.com\/tienda-online\/wp-json\/wp\/v2\/pages\/40\/revisions\/74"}],"wp:attachment":[{"href":"https:\/\/www.asadorcitywokgranada.com\/tienda-online\/wp-json\/wp\/v2\/media?parent=40"}],"curies":[{"name":"wp","href":"https:\/\/api.w.org\/{rel}","templated":true}]}}